{"id":3550,"date":"2025-01-23T15:54:11","date_gmt":"2025-01-23T14:54:11","guid":{"rendered":"https:\/\/www.givagroup.it\/privacy-policy\/"},"modified":"2026-03-12T10:19:51","modified_gmt":"2026-03-12T09:19:51","slug":"privacy-policy","status":"publish","type":"page","link":"https:\/\/www.givagroup.it\/it\/privacy-policy\/","title":{"rendered":"Privacy Policy"},"content":{"rendered":"\t\t<div data-elementor-type=\"wp-page\" data-elementor-id=\"3550\" class=\"elementor elementor-3550 elementor-332\" data-elementor-post-type=\"page\">\n\t\t\t\t<div class=\"elementor-element elementor-element-3dda694 e-flex e-con-boxed e-con e-parent\" data-id=\"3dda694\" data-element_type=\"container\" data-e-type=\"container\" data-settings=\"{&quot;background_background&quot;:&quot;classic&quot;,&quot;background_motion_fx_motion_fx_scrolling&quot;:&quot;yes&quot;,&quot;background_motion_fx_blur_effect&quot;:&quot;yes&quot;,&quot;background_motion_fx_blur_level&quot;:{&quot;unit&quot;:&quot;px&quot;,&quot;size&quot;:2,&quot;sizes&quot;:[]},&quot;background_motion_fx_blur_range&quot;:{&quot;unit&quot;:&quot;%&quot;,&quot;size&quot;:&quot;&quot;,&quot;sizes&quot;:{&quot;start&quot;:0,&quot;end&quot;:100}},&quot;background_motion_fx_scale_effect&quot;:&quot;yes&quot;,&quot;background_motion_fx_scale_speed&quot;:{&quot;unit&quot;:&quot;px&quot;,&quot;size&quot;:1,&quot;sizes&quot;:[]},&quot;background_motion_fx_scale_range&quot;:{&quot;unit&quot;:&quot;%&quot;,&quot;size&quot;:&quot;&quot;,&quot;sizes&quot;:{&quot;start&quot;:0,&quot;end&quot;:100}},&quot;background_motion_fx_blur_direction&quot;:&quot;out-in&quot;,&quot;background_motion_fx_scale_direction&quot;:&quot;out-in&quot;,&quot;background_motion_fx_devices&quot;:[&quot;desktop&quot;,&quot;tablet&quot;,&quot;mobile&quot;]}\">\n\t\t\t\t\t<div class=\"e-con-inner\">\n\t\t<div class=\"elementor-element elementor-element-c49849b e-con-full e-flex e-con e-child\" data-id=\"c49849b\" data-element_type=\"container\" data-e-type=\"container\">\n\t\t\t\t<div class=\"elementor-element elementor-element-886824e elementor-widget__width-initial elementor-widget elementor-widget-heading\" data-id=\"886824e\" data-element_type=\"widget\" data-e-type=\"widget\" data-widget_type=\"heading.default\">\n\t\t\t\t<div class=\"elementor-widget-container\">\n\t\t\t\t\t<h2 class=\"elementor-heading-title elementor-size-default\">privacy policy<\/h2>\t\t\t\t<\/div>\n\t\t\t\t<\/div>\n\t\t\t\t<\/div>\n\t\t\t\t\t<\/div>\n\t\t\t\t<\/div>\n\t\t<div class=\"elementor-element elementor-element-eea35f1 e-flex e-con-boxed e-con e-parent\" data-id=\"eea35f1\" data-element_type=\"container\" data-e-type=\"container\">\n\t\t\t\t\t<div class=\"e-con-inner\">\n\t\t\t\t<div class=\"elementor-element elementor-element-501c387 elementor-widget__width-initial elementor-widget elementor-widget-text-editor\" data-id=\"501c387\" data-element_type=\"widget\" data-e-type=\"widget\" data-widget_type=\"text-editor.default\">\n\t\t\t\t<div class=\"elementor-widget-container\">\n\t\t\t\t\t\t\t\t\t<p>GIVA S.p.A. riconosce l&#8217;importanza della protezione dei dati personali, si impegna a rispettare la privacy degli utenti, a trattare i dati personali con cura e riservatezza e a non utilizzarli per scopi diversi da quelli specificati di seguito.<br>La presente informativa contiene tutte le informazioni relative al trattamento dei dati personali dell&#8217;utente effettuato da questo sito web. Questa informativa \u00e8 resa anche ai sensi dell&#8217;Articolo 13 del Regolamento UE 679\/2016 per coloro che interagiscono con i servizi web di GIVA S.p.A.: <\/p><ul><li>www.givagroup.it<\/li><\/ul><p> <\/p><p>La presente Policy pu\u00f2 essere modificata o aggiornata in qualsiasi momento da GIVA S.p.A. Queste informazioni si applicano solo a questo sito web e non ad altri siti web consultati dall&#8217;utente tramite link, ad eccezione di quelli sopra indicati.<\/p>\t\t\t\t\t\t\t\t<\/div>\n\t\t\t\t<\/div>\n\t\t\t\t<div class=\"elementor-element elementor-element-88e8546 elementor-widget-divider--view-line elementor-widget elementor-widget-divider\" data-id=\"88e8546\" data-element_type=\"widget\" data-e-type=\"widget\" data-widget_type=\"divider.default\">\n\t\t\t\t<div class=\"elementor-widget-container\">\n\t\t\t\t\t\t\t<div class=\"elementor-divider\">\n\t\t\t<span class=\"elementor-divider-separator\">\n\t\t\t\t\t\t<\/span>\n\t\t<\/div>\n\t\t\t\t\t\t<\/div>\n\t\t\t\t<\/div>\n\t\t\t\t<div class=\"elementor-element elementor-element-2656d7f elementor-widget__width-initial elementor-widget elementor-widget-text-editor\" data-id=\"2656d7f\" data-element_type=\"widget\" data-e-type=\"widget\" data-widget_type=\"text-editor.default\">\n\t\t\t\t<div class=\"elementor-widget-container\">\n\t\t\t\t\t\t\t\t\t<div class=\"row mb-5\"><div class=\"col-md-12\"><div class=\"row mb-5\"><div class=\"col-md-12\"><h2>Titolare del Trattamento<\/h2><p>Il Titolare del Trattamento \u00e8:<br>GIVA S.p.A.<br>Via Risorgimento 63, Rho (MI) &#8211; 20017<br>Codice Fiscale e P. IVA: IT 02917180172<br>(di seguito &#8220;GIVA&#8221;).<\/p><\/div><\/div><div class=\"row mb-5\"><div class=\"col-md-12\"><h2>Dati e finalit\u00e0 del trattamento<\/h2><p>GIVA informa gli utenti del sito web che i dati raccolti saranno utilizzati esclusivamente per le finalit\u00e0 specificate di seguito. I dati personali oggetto di trattamento sono i dati di navigazione e i dati forniti volontariamente dall&#8217;utente. <\/p><h3><u>1. Dati di navigazione<\/u><\/h3><p>I sistemi informatici utilizzati per il funzionamento del sito web acquisiscono alcuni dati personali necessari per l&#8217;operativit\u00e0 della piattaforma e informazioni la cui trasmissione \u00e8 implicita nei protocolli utilizzati per la connessione internet e la navigazione.<br>Vengono inoltre acquisite alcune informazioni relative alla sessione del browser e dati generici relativi al dispositivo utilizzato dall&#8217;utente. Tutti i dati sono acquisiti in forma anonima e l&#8217;acquisizione non si riferisce a un utente particolare n\u00e9 ha finalit\u00e0 di profilazione. <\/p><h3><u>2. Dati forniti volontariamente dall&#8217;utente<\/u><\/h3><p>Per accedere ad alcuni servizi del sito web, l&#8217;utente fornisce a GIVA diversi tipi di dati in forma spontanea, previa lettura della presente informativa e prestazione del consenso al trattamento per una o pi\u00f9 delle finalit\u00e0 previste e sotto elencate.<br>GIVA utilizzer\u00e0 i dati raccolti per:<\/p><ul><li>a) finalit\u00e0 connesse all&#8217;utilizzo dei servizi del sito web (navigazione del sito);<\/li><li>b) attivit\u00e0 strettamente connesse e strumentali alla gestione dei rapporti con i clienti e i potenziali collaboratori (richieste di contatto);<\/li><li>c) valutazione delle candidature di lavoro tramite il trattamento dei dati relativi ai curricula.<\/li><\/ul><p>Il conferimento dei dati per le finalit\u00e0 di cui alla lettera c) \u00e8 facoltativo e avviene ai sensi dell&#8217;Articolo 7 del GDPR.<\/p><\/div><\/div><div class=\"row mb-5\"><div class=\"col-md-12\"><h2>Modalit\u00e0 del trattamento<\/h2><p>Il trattamento dei dati \u00e8 effettuato ai sensi dell&#8217;Articolo 4 n. 2) del GDPR per mezzo delle seguenti operazioni: raccolta, registrazione, organizzazione, strutturazione, conservazione, adattamento o modifica, estrazione, consultazione, uso, comunicazione mediante trasmissione, diffusione o qualsiasi altra forma di messa a disposizione, raffronto o interconnessione, limitazione, cancellazione o distruzione dei dati.<\/p><p>I dati personali sono sottoposti a trattamento sia cartaceo che elettronico e\/o automatizzato.<\/p><p>A partire dal momento del loro ricevimento\/aggiornamento, i vostri dati personali saranno conservati per un periodo ritenuto congruo rispetto alle finalit\u00e0 del trattamento sopra indicate. Per ulteriori informazioni relative ai periodi di conservazione dei dati, si prega di contattare: <a href=\"https:\/\/www.givagroup.it\/mailto:privacy@givagroup.it\">privacy@givagroup.it<\/a>.<\/p><\/div><\/div><div class=\"row mb-5\"><div class=\"col-md-12\"><h2>Comunicazione e diffusione dei dati<\/h2><p>I dati oggetto di trattamento non saranno diffusi; tuttavia, per le finalit\u00e0 indicate nella presente informativa, i dati potranno essere comunicati alle societ\u00e0 del Gruppo GIVA e a soggetti terzi, tra cui partner commerciali, consulenti e liberi professionisti, istituti bancari e creditizi, compagnie assicurative, societ\u00e0 finanziarie, societ\u00e0 di factoring, societ\u00e0 di leasing, societ\u00e0 di servizi, societ\u00e0 di gestione e recupero crediti, revisori dei conti, societ\u00e0 di riscossione crediti, autorit\u00e0 pubbliche, organismi di revisione o vigilanza, al fine di adempiere agli obblighi derivanti dalla legge, dai regolamenti, dalla normativa comunitaria o da aspetti riguardanti la gestione ed esecuzione del rapporto giuridico instaurato con voi attualmente o in passato.<\/p><p>I dati saranno trattati dai seguenti soggetti:<\/p><ul><li>Dipendenti delle societ\u00e0 del Gruppo GIVA, che operano in qualit\u00e0 di incaricati del trattamento autorizzati secondo le istruzioni ricevute e le mansioni svolte.<\/li><li>Responsabili Esterni ai sensi dell&#8217;Articolo 28 del GDPR.<\/li><\/ul><p>Un elenco dettagliato dei Responsabili del Trattamento \u00e8 disponibile presso la sede legale di GIVA.<\/p><\/div><\/div><div class=\"row mb-5\"><div class=\"col-md-12\"><h2>Diritti dell&#8217;Interessato<\/h2><p>Si precisa che, in qualit\u00e0 di interessati, potrete richiedere in qualsiasi momento:<\/p><ul><li>a) l&#8217;accesso ai dati personali;<\/li><li>b) la rettifica dei dati qualora non siano accurati;<\/li><li>c) la cancellazione dei dati (\u201cdiritto all\u2019oblio\u201d);<\/li><li>d) la limitazione del trattamento;<\/li><li>e) la portabilit\u00e0 dei dati, ovvero il diritto di ricevere i dati personali forniti in un formato strutturato, di uso comune e leggibile da dispositivo automatico, e di trasmettere tali dati a un altro Titolare del trattamento senza impedimenti;<\/li><li>f) il diritto di opposizione al trattamento dei dati personali.<\/li><\/ul><p>Per quanto non espressamente previsto dalle disposizioni richiamate nella presente informativa, si prega di fare riferimento alla normativa vigente in materia di Privacy e nello specifico agli Articoli 15, 16, 17, 18, 20 e 21 del GDPR.<\/p><\/div><\/div><\/div><\/div>\t\t\t\t\t\t\t\t<\/div>\n\t\t\t\t<\/div>\n\t\t\t\t\t<\/div>\n\t\t\t\t<\/div>\n\t\t\t\t<\/div>\n\t\t","protected":false},"excerpt":{"rendered":"<p>privacy policy GIVA S.p.A. riconosce l&#8217;importanza della protezione dei dati personali, si impegna a rispettare la privacy degli utenti, a trattare i dati personali con cura e riservatezza e a non utilizzarli per scopi diversi da quelli specificati di seguito.La presente informativa contiene tutte le informazioni relative al trattamento dei dati personali dell&#8217;utente effettuato da [&hellip;]<\/p>\n","protected":false},"author":2,"featured_media":0,"parent":0,"menu_order":0,"comment_status":"closed","ping_status":"closed","template":"elementor_header_footer","meta":{"_acf_changed":false,"footnotes":""},"class_list":["post-3550","page","type-page","status-publish","hentry"],"acf":[],"yoast_head":"<!-- This site is optimized with the Yoast SEO plugin v27.3 - https:\/\/yoast.com\/product\/yoast-seo-wordpress\/ -->\n<title>Privacy Policy | Gruppo GIVA<\/title>\n<meta name=\"description\" content=\"Leggi la Privacy Policy del Gruppo GIVA. Scopri come raccogliamo, trattiamo e proteggiamo i tuoi dati personali in conformit\u00e0 al GDPR e agli standard internazionali sulla privacy.\" \/>\n<meta name=\"robots\" content=\"index, follow, max-snippet:-1, max-image-preview:large, max-video-preview:-1\" \/>\n<link rel=\"canonical\" href=\"https:\/\/www.givagroup.it\/it\/privacy-policy\/\" \/>\n<meta property=\"og:locale\" content=\"it_IT\" \/>\n<meta property=\"og:type\" content=\"article\" \/>\n<meta property=\"og:title\" content=\"Privacy Policy | Gruppo GIVA\" \/>\n<meta property=\"og:description\" content=\"Leggi la Privacy Policy del Gruppo GIVA. Scopri come raccogliamo, trattiamo e proteggiamo i tuoi dati personali in conformit\u00e0 al GDPR e agli standard internazionali sulla privacy.\" \/>\n<meta property=\"og:url\" content=\"https:\/\/www.givagroup.it\/it\/privacy-policy\/\" \/>\n<meta property=\"og:site_name\" content=\"Giva Group\" \/>\n<meta property=\"article:modified_time\" content=\"2026-03-12T09:19:51+00:00\" \/>\n<meta name=\"twitter:card\" content=\"summary_large_image\" \/>\n<meta name=\"twitter:label1\" content=\"Tempo di lettura stimato\" \/>\n\t<meta name=\"twitter:data1\" content=\"4 minuti\" \/>\n<script type=\"application\/ld+json\" class=\"yoast-schema-graph\">{\"@context\":\"https:\\\/\\\/schema.org\",\"@graph\":[{\"@type\":\"WebPage\",\"@id\":\"https:\\\/\\\/www.givagroup.it\\\/it\\\/privacy-policy\\\/\",\"url\":\"https:\\\/\\\/www.givagroup.it\\\/it\\\/privacy-policy\\\/\",\"name\":\"Privacy Policy | Gruppo GIVA\",\"isPartOf\":{\"@id\":\"https:\\\/\\\/www.givagroup.it\\\/#website\"},\"datePublished\":\"2025-01-23T14:54:11+00:00\",\"dateModified\":\"2026-03-12T09:19:51+00:00\",\"description\":\"Leggi la Privacy Policy del Gruppo GIVA. Scopri come raccogliamo, trattiamo e proteggiamo i tuoi dati personali in conformit\u00e0 al GDPR e agli standard internazionali sulla privacy.\",\"breadcrumb\":{\"@id\":\"https:\\\/\\\/www.givagroup.it\\\/it\\\/privacy-policy\\\/#breadcrumb\"},\"inLanguage\":\"it-IT\",\"potentialAction\":[{\"@type\":\"ReadAction\",\"target\":[\"https:\\\/\\\/www.givagroup.it\\\/it\\\/privacy-policy\\\/\"]}]},{\"@type\":\"BreadcrumbList\",\"@id\":\"https:\\\/\\\/www.givagroup.it\\\/it\\\/privacy-policy\\\/#breadcrumb\",\"itemListElement\":[{\"@type\":\"ListItem\",\"position\":1,\"name\":\"Home\",\"item\":\"https:\\\/\\\/www.givagroup.it\\\/\"},{\"@type\":\"ListItem\",\"position\":2,\"name\":\"Privacy Policy\"}]},{\"@type\":\"WebSite\",\"@id\":\"https:\\\/\\\/www.givagroup.it\\\/#website\",\"url\":\"https:\\\/\\\/www.givagroup.it\\\/\",\"name\":\"Giva Group\",\"description\":\"\",\"publisher\":{\"@id\":\"https:\\\/\\\/www.givagroup.it\\\/#organization\"},\"potentialAction\":[{\"@type\":\"SearchAction\",\"target\":{\"@type\":\"EntryPoint\",\"urlTemplate\":\"https:\\\/\\\/www.givagroup.it\\\/?s={search_term_string}\"},\"query-input\":{\"@type\":\"PropertyValueSpecification\",\"valueRequired\":true,\"valueName\":\"search_term_string\"}}],\"inLanguage\":\"it-IT\"},{\"@type\":\"Organization\",\"@id\":\"https:\\\/\\\/www.givagroup.it\\\/#organization\",\"name\":\"Giva Group\",\"url\":\"https:\\\/\\\/www.givagroup.it\\\/\",\"logo\":{\"@type\":\"ImageObject\",\"inLanguage\":\"it-IT\",\"@id\":\"https:\\\/\\\/www.givagroup.it\\\/#\\\/schema\\\/logo\\\/image\\\/\",\"url\":\"https:\\\/\\\/www.givagroup.it\\\/wp-content\\\/uploads\\\/2025\\\/01\\\/Logo-Giva_1.png\",\"contentUrl\":\"https:\\\/\\\/www.givagroup.it\\\/wp-content\\\/uploads\\\/2025\\\/01\\\/Logo-Giva_1.png\",\"width\":668,\"height\":251,\"caption\":\"Giva Group\"},\"image\":{\"@id\":\"https:\\\/\\\/www.givagroup.it\\\/#\\\/schema\\\/logo\\\/image\\\/\"}}]}<\/script>\n<!-- \/ Yoast SEO plugin. -->","yoast_head_json":{"title":"Privacy Policy | Gruppo GIVA","description":"Leggi la Privacy Policy del Gruppo GIVA. Scopri come raccogliamo, trattiamo e proteggiamo i tuoi dati personali in conformit\u00e0 al GDPR e agli standard internazionali sulla privacy.","robots":{"index":"index","follow":"follow","max-snippet":"max-snippet:-1","max-image-preview":"max-image-preview:large","max-video-preview":"max-video-preview:-1"},"canonical":"https:\/\/www.givagroup.it\/it\/privacy-policy\/","og_locale":"it_IT","og_type":"article","og_title":"Privacy Policy | Gruppo GIVA","og_description":"Leggi la Privacy Policy del Gruppo GIVA. Scopri come raccogliamo, trattiamo e proteggiamo i tuoi dati personali in conformit\u00e0 al GDPR e agli standard internazionali sulla privacy.","og_url":"https:\/\/www.givagroup.it\/it\/privacy-policy\/","og_site_name":"Giva Group","article_modified_time":"2026-03-12T09:19:51+00:00","twitter_card":"summary_large_image","twitter_misc":{"Tempo di lettura stimato":"4 minuti"},"schema":{"@context":"https:\/\/schema.org","@graph":[{"@type":"WebPage","@id":"https:\/\/www.givagroup.it\/it\/privacy-policy\/","url":"https:\/\/www.givagroup.it\/it\/privacy-policy\/","name":"Privacy Policy | Gruppo GIVA","isPartOf":{"@id":"https:\/\/www.givagroup.it\/#website"},"datePublished":"2025-01-23T14:54:11+00:00","dateModified":"2026-03-12T09:19:51+00:00","description":"Leggi la Privacy Policy del Gruppo GIVA. Scopri come raccogliamo, trattiamo e proteggiamo i tuoi dati personali in conformit\u00e0 al GDPR e agli standard internazionali sulla privacy.","breadcrumb":{"@id":"https:\/\/www.givagroup.it\/it\/privacy-policy\/#breadcrumb"},"inLanguage":"it-IT","potentialAction":[{"@type":"ReadAction","target":["https:\/\/www.givagroup.it\/it\/privacy-policy\/"]}]},{"@type":"BreadcrumbList","@id":"https:\/\/www.givagroup.it\/it\/privacy-policy\/#breadcrumb","itemListElement":[{"@type":"ListItem","position":1,"name":"Home","item":"https:\/\/www.givagroup.it\/"},{"@type":"ListItem","position":2,"name":"Privacy Policy"}]},{"@type":"WebSite","@id":"https:\/\/www.givagroup.it\/#website","url":"https:\/\/www.givagroup.it\/","name":"Giva Group","description":"","publisher":{"@id":"https:\/\/www.givagroup.it\/#organization"},"potentialAction":[{"@type":"SearchAction","target":{"@type":"EntryPoint","urlTemplate":"https:\/\/www.givagroup.it\/?s={search_term_string}"},"query-input":{"@type":"PropertyValueSpecification","valueRequired":true,"valueName":"search_term_string"}}],"inLanguage":"it-IT"},{"@type":"Organization","@id":"https:\/\/www.givagroup.it\/#organization","name":"Giva Group","url":"https:\/\/www.givagroup.it\/","logo":{"@type":"ImageObject","inLanguage":"it-IT","@id":"https:\/\/www.givagroup.it\/#\/schema\/logo\/image\/","url":"https:\/\/www.givagroup.it\/wp-content\/uploads\/2025\/01\/Logo-Giva_1.png","contentUrl":"https:\/\/www.givagroup.it\/wp-content\/uploads\/2025\/01\/Logo-Giva_1.png","width":668,"height":251,"caption":"Giva Group"},"image":{"@id":"https:\/\/www.givagroup.it\/#\/schema\/logo\/image\/"}}]}},"_links":{"self":[{"href":"https:\/\/www.givagroup.it\/it\/wp-json\/wp\/v2\/pages\/3550","targetHints":{"allow":["GET"]}}],"collection":[{"href":"https:\/\/www.givagroup.it\/it\/wp-json\/wp\/v2\/pages"}],"about":[{"href":"https:\/\/www.givagroup.it\/it\/wp-json\/wp\/v2\/types\/page"}],"author":[{"embeddable":true,"href":"https:\/\/www.givagroup.it\/it\/wp-json\/wp\/v2\/users\/2"}],"replies":[{"embeddable":true,"href":"https:\/\/www.givagroup.it\/it\/wp-json\/wp\/v2\/comments?post=3550"}],"version-history":[{"count":0,"href":"https:\/\/www.givagroup.it\/it\/wp-json\/wp\/v2\/pages\/3550\/revisions"}],"wp:attachment":[{"href":"https:\/\/www.givagroup.it\/it\/wp-json\/wp\/v2\/media?parent=3550"}],"curies":[{"name":"wp","href":"https:\/\/api.w.org\/{rel}","templated":true}]}}