{"id":3481,"date":"2025-01-23T15:38:43","date_gmt":"2025-01-23T14:38:43","guid":{"rendered":"https:\/\/www.givagroup.it\/informativa-sui-cookie\/"},"modified":"2026-03-12T10:19:50","modified_gmt":"2026-03-12T09:19:50","slug":"informativa-sui-cookie","status":"publish","type":"page","link":"https:\/\/www.givagroup.it\/it\/informativa-sui-cookie\/","title":{"rendered":"Informativa sui Cookie"},"content":{"rendered":"\t\t<div data-elementor-type=\"wp-page\" data-elementor-id=\"3481\" class=\"elementor elementor-3481 elementor-319\" data-elementor-post-type=\"page\">\n\t\t\t\t<div class=\"elementor-element elementor-element-837c83c e-flex e-con-boxed e-con e-parent\" data-id=\"837c83c\" data-element_type=\"container\" data-e-type=\"container\" data-settings=\"{&quot;background_background&quot;:&quot;classic&quot;,&quot;background_motion_fx_motion_fx_scrolling&quot;:&quot;yes&quot;,&quot;background_motion_fx_blur_effect&quot;:&quot;yes&quot;,&quot;background_motion_fx_blur_level&quot;:{&quot;unit&quot;:&quot;px&quot;,&quot;size&quot;:2,&quot;sizes&quot;:[]},&quot;background_motion_fx_blur_range&quot;:{&quot;unit&quot;:&quot;%&quot;,&quot;size&quot;:&quot;&quot;,&quot;sizes&quot;:{&quot;start&quot;:0,&quot;end&quot;:100}},&quot;background_motion_fx_scale_effect&quot;:&quot;yes&quot;,&quot;background_motion_fx_scale_speed&quot;:{&quot;unit&quot;:&quot;px&quot;,&quot;size&quot;:1,&quot;sizes&quot;:[]},&quot;background_motion_fx_scale_range&quot;:{&quot;unit&quot;:&quot;%&quot;,&quot;size&quot;:&quot;&quot;,&quot;sizes&quot;:{&quot;start&quot;:0,&quot;end&quot;:100}},&quot;background_motion_fx_blur_direction&quot;:&quot;out-in&quot;,&quot;background_motion_fx_scale_direction&quot;:&quot;out-in&quot;,&quot;background_motion_fx_devices&quot;:[&quot;desktop&quot;,&quot;tablet&quot;,&quot;mobile&quot;]}\">\n\t\t\t\t\t<div class=\"e-con-inner\">\n\t\t<div class=\"elementor-element elementor-element-4d8567c e-con-full e-flex e-con e-child\" data-id=\"4d8567c\" data-element_type=\"container\" data-e-type=\"container\">\n\t\t\t\t<div class=\"elementor-element elementor-element-108b11f elementor-widget__width-initial elementor-widget elementor-widget-heading\" data-id=\"108b11f\" data-element_type=\"widget\" data-e-type=\"widget\" data-widget_type=\"heading.default\">\n\t\t\t\t<div class=\"elementor-widget-container\">\n\t\t\t\t\t<h2 class=\"elementor-heading-title elementor-size-default\">Informativa sui Cookie<\/h2>\t\t\t\t<\/div>\n\t\t\t\t<\/div>\n\t\t\t\t<\/div>\n\t\t\t\t\t<\/div>\n\t\t\t\t<\/div>\n\t\t<div class=\"elementor-element elementor-element-8c1f9bc e-flex e-con-boxed e-con e-parent\" data-id=\"8c1f9bc\" data-element_type=\"container\" data-e-type=\"container\">\n\t\t\t\t\t<div class=\"e-con-inner\">\n\t\t\t\t<div class=\"elementor-element elementor-element-6548e4f elementor-widget__width-initial elementor-widget elementor-widget-text-editor\" data-id=\"6548e4f\" data-element_type=\"widget\" data-e-type=\"widget\" data-widget_type=\"text-editor.default\">\n\t\t\t\t<div class=\"elementor-widget-container\">\n\t\t\t\t\t\t\t\t\t<p>I cookie sono piccole stringhe di testo memorizzate localmente nel browser dell&#8217;utente per scambiare informazioni con il sito web.<\/p><p>Queste stringhe di testo vengono utilizzate per diverse funzioni, tra cui l&#8217;analisi delle sessioni e la memorizzazione di informazioni per migliorare l&#8217;esperienza di navigazione o le funzionalit\u00e0 del sito. I cookie salvati durante la navigazione possono provenire dal sito stesso (prima parte) o possono essere installati da strumenti o oggetti contenuti all&#8217;interno del sito (terza parte). <\/p><p>Secondo il provvedimento generale del Garante per la protezione dei dati personali (3 giugno 2014, GU n. 126), esistono due tipologie di cookie:<\/p><ul><li>Cookie tecnici &#8211; Vengono utilizzati al solo fine di effettuare la trasmissione di una comunicazione, completando un servizio richiesto dall&#8217;utente o conducendo ricerche statistiche.<\/li><li>Cookie di profilazione &#8211; Vengono utilizzati per registrare il comportamento dell&#8217;utente e le preferenze manifestate al fine di inviare messaggi pubblicitari in linea con il suo profilo.<\/li><\/ul><p>Questo sito non utilizza alcun cookie di profilazione.<\/p>\t\t\t\t\t\t\t\t<\/div>\n\t\t\t\t<\/div>\n\t\t\t\t<div class=\"elementor-element elementor-element-3e48cbd elementor-widget-divider--view-line elementor-widget elementor-widget-divider\" data-id=\"3e48cbd\" data-element_type=\"widget\" data-e-type=\"widget\" data-widget_type=\"divider.default\">\n\t\t\t\t<div class=\"elementor-widget-container\">\n\t\t\t\t\t\t\t<div class=\"elementor-divider\">\n\t\t\t<span class=\"elementor-divider-separator\">\n\t\t\t\t\t\t<\/span>\n\t\t<\/div>\n\t\t\t\t\t\t<\/div>\n\t\t\t\t<\/div>\n\t\t\t\t<div class=\"elementor-element elementor-element-da674c5 elementor-widget__width-initial elementor-widget elementor-widget-text-editor\" data-id=\"da674c5\" data-element_type=\"widget\" data-e-type=\"widget\" data-widget_type=\"text-editor.default\">\n\t\t\t\t<div class=\"elementor-widget-container\">\n\t\t\t\t\t\t\t\t\t<div class=\"row mb-5\"><div class=\"col-md-12\"><h2>Tipologie di cookie<\/h2><p>Questi sono i cookie utilizzati da GIVA S.p.A. all&#8217;interno del sito www.givagroup.it<\/p><table border=\"1\" width=\"98%\" cellspacing=\"0\" cellpadding=\"0\"><tbody><tr><td valign=\"top\" width=\"16%\"><p><strong>Categoria<\/strong><\/p><\/td><td valign=\"top\" width=\"28%\"><p><strong>Tipologie<\/strong><\/p><\/td><td valign=\"top\" width=\"54%\"><p><strong>Finalit\u00e0<\/strong><\/p><\/td><\/tr><tr><td valign=\"top\" width=\"16%\"><p>Cookie tecnici<\/p><\/td><td valign=\"top\" width=\"28%\"><p>Prima Parte<\/p><\/td><td valign=\"top\" width=\"54%\"><p>Questi cookie garantiscono il corretto funzionamento del sito web e memorizzano le preferenze di navigazione dell&#8217;utente, inclusi la lingua o l&#8217;accesso ad aree riservate.<\/p><p>L&#8217;utente pu\u00f2 eliminarli o disabilitarli; tuttavia, ci\u00f2 potrebbe compromettere alcune funzionalit\u00e0 del sito web. In questo caso, si prega di fare riferimento alla sezione &#8220;Disabilitare i cookie&#8221; della presente informativa. <\/p><\/td><\/tr><tr><td valign=\"top\" width=\"16%\"><p>Cookie analitici<\/p><\/td><td valign=\"top\" width=\"28%\"><p>Terza Parte<\/p><\/td><td valign=\"top\" width=\"54%\"><p>Google Analytics \u00e8 uno strumento gratuito di Google che consente di raccogliere informazioni sull&#8217;uso e sulla navigazione degli utenti nel sito web.<\/p><p>Utilizziamo queste informazioni per ottimizzare i contenuti e gli elementi del sito senza raccogliere alcuna informazione personale degli utenti, i cui dati relativi all&#8217;indirizzo IP vengono registrati in forma anonima.<\/p><p>Luogo del trattamento dei dati: USA<\/p><p>Note privacy: <a href=\"https:\/\/policies.google.com\/privacy\">https:\/\/policies.google.com\/privacy<\/a><\/p><\/td><\/tr><tr><td valign=\"top\" width=\"16%\"><p>Altri tipi di cookie<\/p><\/td><td valign=\"top\" width=\"28%\"><p>Terza Parte<\/p><\/td><td valign=\"top\" width=\"54%\"><p>Google Maps \u00e8 un servizio di Google Inc. che consente di incorporare una porzione della mappa e le relative informazioni all&#8217;interno di questo sito web.<\/p><p>Google potrebbe tenere traccia di alcune preferenze dell&#8217;utente relative alla visualizzazione della mappa, anche se l&#8217;utente non ha effettuato l&#8217;accesso con il proprio account.<\/p><p>Luogo del trattamento dei dati: USA<\/p><p>Note privacy: <a href=\"https:\/\/policies.google.com\/privacy\">https:\/\/policies.google.com\/privacy<\/a><\/p><\/td><\/tr><\/tbody><\/table><\/div><\/div><div class=\"row mb-5\"><div class=\"col-md-12\"><h2>Disabilitare i cookie<\/h2><p>I cookie di Google Analytics possono essere disabilitati tramite l&#8217;apposito componente aggiuntivo installato nel browser o cliccando sul seguente link.<\/p><p><a href=\"https:\/\/tools.google.com\/dlpage\/gaoptout\">Disabilita i cookie di Google Analytics<\/a><u><\/u><\/p><p>I browser sono solitamente impostati per accettare i cookie dai siti web. Tuttavia, \u00e8 possibile controllare e disabilitare i cookie utilizzando le impostazioni del browser. Questa restrizione potrebbe compromettere alcune funzionalit\u00e0 di questo sito web.  <\/p><p>In alternativa, \u00e8 possibile disabilitare la ricezione dei cookie da specifici fornitori utilizzando lo strumento disponibile sul sito web <a href=\"http:\/\/www.youronlinechoices.com\/\" target=\"_blank\" rel=\"noopener\">http:\/\/www.youronlinechoices.com\/<\/a><\/p><p>Di seguito sono elencate le procedure per disabilitare i cookie nei browser pi\u00f9 comuni<\/p><p><u>Google Chrome<\/u><\/p><ul><li>Sul computer, apri Chrome.<\/li><li>In alto a destra, clicca su Altro e poi su Impostazioni.<\/li><li>In fondo alla pagina, clicca su Avanzate.<\/li><li>Nella sezione &#8220;Privacy e sicurezza&#8221;, clicca su Impostazioni contenuti.<\/li><li>Clicca su Cookie.<\/li><li>Da qui puoi:<ul><li>o Attivare i cookie: accanto a &#8220;Bloccati&#8221;, attiva l&#8217;interruttore.<\/li><li>o Disattivare i cookie: disattiva l&#8217;opzione &#8220;Consenti ai siti di salvare e leggere i dati dei cookie&#8221;.<\/li><\/ul><\/li><\/ul><p>Per ulteriori informazioni, visita la pagina specifica: <a href=\"https:\/\/support.google.com\/accounts\/answer\/61416\" target=\"_blank\" rel=\"noopener\">https:\/\/support.google.com\/accounts\/answer\/61416<\/a><\/p><p><u>Mozilla Firefox<\/u><\/p><ul><li>Fai clic sul pulsante del menu e seleziona Impostazioni.<\/li><li>Seleziona il pannello Privacy e sicurezza e vai alla sezione Cronologia.<\/li><li>Alla voce Impostazioni cronologia: seleziona Utilizza impostazioni personalizzate.<\/li><li>Seleziona Accetta i cookie dai siti web per attivare i cookie; deseleziona la voce per disattivarli.<\/li><li>Scegli per quanto tempo i cookie possono essere conservati:<\/li><li>Conservali fino a:<ul><li>o alla loro scadenza: i cookie verranno rimossi quando raggiungono la data di scadenza (la data \u00e8 impostata dal sito che ha inviato il cookie).<\/li><li>o alla chiusura di Firefox: i cookie memorizzati sul computer verranno rimossi alla chiusura di Firefox.<\/li><\/ul><\/li><li>Chiudi la pagina about:preferences. Le modifiche apportate verranno salvate automaticamente. <\/li><\/ul><p>Per ulteriori informazioni visita la pagina specifica: <a href=\"https:\/\/support.mozilla.org\/it\/kb\/Attivare%20e%20disattivare%20i%20cookie\" target=\"_blank\" rel=\"noopener\">https:\/\/support.mozilla.org\/it\/kb\/Attivare%20e%20disattivare%20i%20cookie<\/a><\/p><p><u>Internet Explorer<\/u><\/p><ul><li>In Internet Explorer, seleziona il pulsante Strumenti e quindi Opzioni Internet.<\/li><li>Seleziona la scheda Privacy e, in Impostazioni, sposta il cursore verso l&#8217;alto per bloccare tutti i cookie o verso il basso per consentirli tutti, quindi seleziona OK.<\/li><\/ul><p>Per ulteriori informazioni visita la pagina specifica: <a href=\"https:\/\/support.microsoft.com\/it-it\/help\/17442\/\" target=\"_blank\" rel=\"noopener\">https:\/\/support.microsoft.com\/it-it\/help\/17442\/<\/a><\/p><p><u>Safari<\/u><\/p><ul><li>Apri il browser Opera e seleziona il menu Preferenze.<\/li><li>Seleziona Avanzate e poi Riservatezza e sicurezza.<\/li><\/ul><p>Per ulteriori informazioni visita la pagina specifica: <a href=\"https:\/\/support.apple.com\/kb\/ph21411\" target=\"_blank\" rel=\"noopener\">https:\/\/support.apple.com\/kb\/ph21411<\/a><\/p><p><u>Opera<\/u><\/p><ul><li>Apri il browser Opera e seleziona il menu Preferenze<\/li><li>Apri il browser Opera e seleziona il menu Preferenze<\/li><li>Imposta le preferenze desiderate per il blocco totale o la memorizzazione parziale dei cookie.<\/li><\/ul><p>Per ulteriori informazioni visita la pagina specifica: <a href=\"http:\/\/help.opera.com\/Windows\/10.00\/it\/cookies.html\" target=\"_blank\" rel=\"noopener\">http:\/\/help.opera.com\/Windows\/10.00\/it\/cookies.html<\/a><\/p><\/div><\/div><div class=\"row mb-5\"><div class=\"col-md-12\"><h2>Titolare del Trattamento<\/h2><p>GIVA S.p.A.<\/p><p>Via Risorgimento 63, Rho (MI) &#8211; 20017<\/p><p>Codice fiscale e P. IVA: IT 02917180172<\/p><p>E-mail: <a href=\"https:\/\/www.givagroup.it\/mailto:privacy@givagroup.com\">privacy@givagroup.com<\/a><\/p><\/div><\/div>\t\t\t\t\t\t\t\t<\/div>\n\t\t\t\t<\/div>\n\t\t\t\t\t<\/div>\n\t\t\t\t<\/div>\n\t\t\t\t<\/div>\n\t\t","protected":false},"excerpt":{"rendered":"<p>Informativa sui Cookie I cookie sono piccole stringhe di testo memorizzate localmente nel browser dell&#8217;utente per scambiare informazioni con il sito web. Queste stringhe di testo vengono utilizzate per diverse funzioni, tra cui l&#8217;analisi delle sessioni e la memorizzazione di informazioni per migliorare l&#8217;esperienza di navigazione o le funzionalit\u00e0 del sito. I cookie salvati durante [&hellip;]<\/p>\n","protected":false},"author":2,"featured_media":0,"parent":0,"menu_order":0,"comment_status":"closed","ping_status":"closed","template":"elementor_header_footer","meta":{"_acf_changed":false,"footnotes":""},"class_list":["post-3481","page","type-page","status-publish","hentry"],"acf":[],"yoast_head":"<!-- This site is optimized with the Yoast SEO plugin v27.3 - https:\/\/yoast.com\/product\/yoast-seo-wordpress\/ -->\n<title>Cookie Policy | Gruppo GIVA<\/title>\n<meta name=\"description\" content=\"Scopri come il Gruppo GIVA utilizza i cookie per migliorare la tua esperienza sul sito. Leggi la nostra informativa per gestire le impostazioni dei cookie e le tue preferenze sulla privacy.\" \/>\n<meta name=\"robots\" content=\"index, follow, max-snippet:-1, max-image-preview:large, max-video-preview:-1\" \/>\n<link rel=\"canonical\" href=\"https:\/\/www.givagroup.it\/it\/informativa-sui-cookie\/\" \/>\n<meta property=\"og:locale\" content=\"it_IT\" \/>\n<meta property=\"og:type\" content=\"article\" \/>\n<meta property=\"og:title\" content=\"Cookie Policy | Gruppo GIVA\" \/>\n<meta property=\"og:description\" content=\"Scopri come il Gruppo GIVA utilizza i cookie per migliorare la tua esperienza sul sito. Leggi la nostra informativa per gestire le impostazioni dei cookie e le tue preferenze sulla privacy.\" \/>\n<meta property=\"og:url\" content=\"https:\/\/www.givagroup.it\/it\/informativa-sui-cookie\/\" \/>\n<meta property=\"og:site_name\" content=\"Giva Group\" \/>\n<meta property=\"article:modified_time\" content=\"2026-03-12T09:19:50+00:00\" \/>\n<meta name=\"twitter:card\" content=\"summary_large_image\" \/>\n<meta name=\"twitter:label1\" content=\"Tempo di lettura stimato\" \/>\n\t<meta name=\"twitter:data1\" content=\"4 minuti\" \/>\n<script type=\"application\/ld+json\" class=\"yoast-schema-graph\">{\"@context\":\"https:\\\/\\\/schema.org\",\"@graph\":[{\"@type\":\"WebPage\",\"@id\":\"https:\\\/\\\/www.givagroup.it\\\/it\\\/informativa-sui-cookie\\\/\",\"url\":\"https:\\\/\\\/www.givagroup.it\\\/it\\\/informativa-sui-cookie\\\/\",\"name\":\"Cookie Policy | Gruppo GIVA\",\"isPartOf\":{\"@id\":\"https:\\\/\\\/www.givagroup.it\\\/#website\"},\"datePublished\":\"2025-01-23T14:38:43+00:00\",\"dateModified\":\"2026-03-12T09:19:50+00:00\",\"description\":\"Scopri come il Gruppo GIVA utilizza i cookie per migliorare la tua esperienza sul sito. Leggi la nostra informativa per gestire le impostazioni dei cookie e le tue preferenze sulla privacy.\",\"breadcrumb\":{\"@id\":\"https:\\\/\\\/www.givagroup.it\\\/it\\\/informativa-sui-cookie\\\/#breadcrumb\"},\"inLanguage\":\"it-IT\",\"potentialAction\":[{\"@type\":\"ReadAction\",\"target\":[\"https:\\\/\\\/www.givagroup.it\\\/it\\\/informativa-sui-cookie\\\/\"]}]},{\"@type\":\"BreadcrumbList\",\"@id\":\"https:\\\/\\\/www.givagroup.it\\\/it\\\/informativa-sui-cookie\\\/#breadcrumb\",\"itemListElement\":[{\"@type\":\"ListItem\",\"position\":1,\"name\":\"Home\",\"item\":\"https:\\\/\\\/www.givagroup.it\\\/\"},{\"@type\":\"ListItem\",\"position\":2,\"name\":\"Informativa sui Cookie\"}]},{\"@type\":\"WebSite\",\"@id\":\"https:\\\/\\\/www.givagroup.it\\\/#website\",\"url\":\"https:\\\/\\\/www.givagroup.it\\\/\",\"name\":\"Giva Group\",\"description\":\"\",\"publisher\":{\"@id\":\"https:\\\/\\\/www.givagroup.it\\\/#organization\"},\"potentialAction\":[{\"@type\":\"SearchAction\",\"target\":{\"@type\":\"EntryPoint\",\"urlTemplate\":\"https:\\\/\\\/www.givagroup.it\\\/?s={search_term_string}\"},\"query-input\":{\"@type\":\"PropertyValueSpecification\",\"valueRequired\":true,\"valueName\":\"search_term_string\"}}],\"inLanguage\":\"it-IT\"},{\"@type\":\"Organization\",\"@id\":\"https:\\\/\\\/www.givagroup.it\\\/#organization\",\"name\":\"Giva Group\",\"url\":\"https:\\\/\\\/www.givagroup.it\\\/\",\"logo\":{\"@type\":\"ImageObject\",\"inLanguage\":\"it-IT\",\"@id\":\"https:\\\/\\\/www.givagroup.it\\\/#\\\/schema\\\/logo\\\/image\\\/\",\"url\":\"https:\\\/\\\/www.givagroup.it\\\/wp-content\\\/uploads\\\/2025\\\/01\\\/Logo-Giva_1.png\",\"contentUrl\":\"https:\\\/\\\/www.givagroup.it\\\/wp-content\\\/uploads\\\/2025\\\/01\\\/Logo-Giva_1.png\",\"width\":668,\"height\":251,\"caption\":\"Giva Group\"},\"image\":{\"@id\":\"https:\\\/\\\/www.givagroup.it\\\/#\\\/schema\\\/logo\\\/image\\\/\"}}]}<\/script>\n<!-- \/ Yoast SEO plugin. -->","yoast_head_json":{"title":"Cookie Policy | Gruppo GIVA","description":"Scopri come il Gruppo GIVA utilizza i cookie per migliorare la tua esperienza sul sito. Leggi la nostra informativa per gestire le impostazioni dei cookie e le tue preferenze sulla privacy.","robots":{"index":"index","follow":"follow","max-snippet":"max-snippet:-1","max-image-preview":"max-image-preview:large","max-video-preview":"max-video-preview:-1"},"canonical":"https:\/\/www.givagroup.it\/it\/informativa-sui-cookie\/","og_locale":"it_IT","og_type":"article","og_title":"Cookie Policy | Gruppo GIVA","og_description":"Scopri come il Gruppo GIVA utilizza i cookie per migliorare la tua esperienza sul sito. Leggi la nostra informativa per gestire le impostazioni dei cookie e le tue preferenze sulla privacy.","og_url":"https:\/\/www.givagroup.it\/it\/informativa-sui-cookie\/","og_site_name":"Giva Group","article_modified_time":"2026-03-12T09:19:50+00:00","twitter_card":"summary_large_image","twitter_misc":{"Tempo di lettura stimato":"4 minuti"},"schema":{"@context":"https:\/\/schema.org","@graph":[{"@type":"WebPage","@id":"https:\/\/www.givagroup.it\/it\/informativa-sui-cookie\/","url":"https:\/\/www.givagroup.it\/it\/informativa-sui-cookie\/","name":"Cookie Policy | Gruppo GIVA","isPartOf":{"@id":"https:\/\/www.givagroup.it\/#website"},"datePublished":"2025-01-23T14:38:43+00:00","dateModified":"2026-03-12T09:19:50+00:00","description":"Scopri come il Gruppo GIVA utilizza i cookie per migliorare la tua esperienza sul sito. Leggi la nostra informativa per gestire le impostazioni dei cookie e le tue preferenze sulla privacy.","breadcrumb":{"@id":"https:\/\/www.givagroup.it\/it\/informativa-sui-cookie\/#breadcrumb"},"inLanguage":"it-IT","potentialAction":[{"@type":"ReadAction","target":["https:\/\/www.givagroup.it\/it\/informativa-sui-cookie\/"]}]},{"@type":"BreadcrumbList","@id":"https:\/\/www.givagroup.it\/it\/informativa-sui-cookie\/#breadcrumb","itemListElement":[{"@type":"ListItem","position":1,"name":"Home","item":"https:\/\/www.givagroup.it\/"},{"@type":"ListItem","position":2,"name":"Informativa sui Cookie"}]},{"@type":"WebSite","@id":"https:\/\/www.givagroup.it\/#website","url":"https:\/\/www.givagroup.it\/","name":"Giva Group","description":"","publisher":{"@id":"https:\/\/www.givagroup.it\/#organization"},"potentialAction":[{"@type":"SearchAction","target":{"@type":"EntryPoint","urlTemplate":"https:\/\/www.givagroup.it\/?s={search_term_string}"},"query-input":{"@type":"PropertyValueSpecification","valueRequired":true,"valueName":"search_term_string"}}],"inLanguage":"it-IT"},{"@type":"Organization","@id":"https:\/\/www.givagroup.it\/#organization","name":"Giva Group","url":"https:\/\/www.givagroup.it\/","logo":{"@type":"ImageObject","inLanguage":"it-IT","@id":"https:\/\/www.givagroup.it\/#\/schema\/logo\/image\/","url":"https:\/\/www.givagroup.it\/wp-content\/uploads\/2025\/01\/Logo-Giva_1.png","contentUrl":"https:\/\/www.givagroup.it\/wp-content\/uploads\/2025\/01\/Logo-Giva_1.png","width":668,"height":251,"caption":"Giva Group"},"image":{"@id":"https:\/\/www.givagroup.it\/#\/schema\/logo\/image\/"}}]}},"_links":{"self":[{"href":"https:\/\/www.givagroup.it\/it\/wp-json\/wp\/v2\/pages\/3481","targetHints":{"allow":["GET"]}}],"collection":[{"href":"https:\/\/www.givagroup.it\/it\/wp-json\/wp\/v2\/pages"}],"about":[{"href":"https:\/\/www.givagroup.it\/it\/wp-json\/wp\/v2\/types\/page"}],"author":[{"embeddable":true,"href":"https:\/\/www.givagroup.it\/it\/wp-json\/wp\/v2\/users\/2"}],"replies":[{"embeddable":true,"href":"https:\/\/www.givagroup.it\/it\/wp-json\/wp\/v2\/comments?post=3481"}],"version-history":[{"count":0,"href":"https:\/\/www.givagroup.it\/it\/wp-json\/wp\/v2\/pages\/3481\/revisions"}],"wp:attachment":[{"href":"https:\/\/www.givagroup.it\/it\/wp-json\/wp\/v2\/media?parent=3481"}],"curies":[{"name":"wp","href":"https:\/\/api.w.org\/{rel}","templated":true}]}}