{"id":3239,"date":"2025-07-10T12:06:15","date_gmt":"2025-07-10T10:06:15","guid":{"rendered":"https:\/\/www.givagroup.it\/dichiarazione-di-accessibilita\/"},"modified":"2026-04-09T11:06:35","modified_gmt":"2026-04-09T09:06:35","slug":"dichiarazione-di-accessibilita","status":"publish","type":"page","link":"https:\/\/www.givagroup.it\/it\/dichiarazione-di-accessibilita\/","title":{"rendered":"Dichiarazione di Accessibilit\u00e0"},"content":{"rendered":"\t\t<div data-elementor-type=\"wp-page\" data-elementor-id=\"3239\" class=\"elementor elementor-3239 elementor-1339\" data-elementor-post-type=\"page\">\n\t\t\t\t<div class=\"elementor-element elementor-element-7bbbbae e-flex e-con-boxed e-con e-parent\" data-id=\"7bbbbae\" data-element_type=\"container\" data-e-type=\"container\" data-settings=\"{&quot;background_background&quot;:&quot;classic&quot;,&quot;background_motion_fx_motion_fx_scrolling&quot;:&quot;yes&quot;,&quot;background_motion_fx_blur_effect&quot;:&quot;yes&quot;,&quot;background_motion_fx_blur_level&quot;:{&quot;unit&quot;:&quot;px&quot;,&quot;size&quot;:2,&quot;sizes&quot;:[]},&quot;background_motion_fx_blur_range&quot;:{&quot;unit&quot;:&quot;%&quot;,&quot;size&quot;:&quot;&quot;,&quot;sizes&quot;:{&quot;start&quot;:0,&quot;end&quot;:100}},&quot;background_motion_fx_scale_effect&quot;:&quot;yes&quot;,&quot;background_motion_fx_scale_speed&quot;:{&quot;unit&quot;:&quot;px&quot;,&quot;size&quot;:1,&quot;sizes&quot;:[]},&quot;background_motion_fx_scale_range&quot;:{&quot;unit&quot;:&quot;%&quot;,&quot;size&quot;:&quot;&quot;,&quot;sizes&quot;:{&quot;start&quot;:0,&quot;end&quot;:100}},&quot;background_motion_fx_blur_direction&quot;:&quot;out-in&quot;,&quot;background_motion_fx_scale_direction&quot;:&quot;out-in&quot;,&quot;background_motion_fx_devices&quot;:[&quot;desktop&quot;,&quot;tablet&quot;,&quot;mobile&quot;]}\">\n\t\t\t\t\t<div class=\"e-con-inner\">\n\t\t<div class=\"elementor-element elementor-element-41f2882 e-con-full e-flex e-con e-child\" data-id=\"41f2882\" data-element_type=\"container\" data-e-type=\"container\">\n\t\t\t\t<div class=\"elementor-element elementor-element-3fcd200 elementor-widget__width-initial elementor-widget elementor-widget-heading\" data-id=\"3fcd200\" data-element_type=\"widget\" data-e-type=\"widget\" data-widget_type=\"heading.default\">\n\t\t\t\t<div class=\"elementor-widget-container\">\n\t\t\t\t\t<h2 class=\"elementor-heading-title elementor-size-default\">Dichiarazione di Accessibilit\u00e0<\/h2>\t\t\t\t<\/div>\n\t\t\t\t<\/div>\n\t\t\t\t<\/div>\n\t\t\t\t\t<\/div>\n\t\t\t\t<\/div>\n\t\t<div class=\"elementor-element elementor-element-aff3c4d e-flex e-con-boxed e-con e-parent\" data-id=\"aff3c4d\" data-element_type=\"container\" data-e-type=\"container\">\n\t\t\t\t\t<div class=\"e-con-inner\">\n\t\t\t\t<div class=\"elementor-element elementor-element-ed48107 elementor-widget__width-initial elementor-widget elementor-widget-text-editor\" data-id=\"ed48107\" data-element_type=\"widget\" data-e-type=\"widget\" data-widget_type=\"text-editor.default\">\n\t\t\t\t<div class=\"elementor-widget-container\">\n\t\t\t\t\t\t\t\t\t<p><span style=\"font-weight: 400;\">Aggiornata al 26\/06\/2025<\/span><\/p><p><span style=\"font-weight: 400;\">G.I.V.A. S.p.A. si impegna a rendere il proprio sito web accessibile, conformemente al Decreto Legislativo 10 agosto 2018, n. 106, che recepisce la Direttiva UE 2016\/2102 del Parlamento Europeo e del Consiglio. <\/span><\/p><p><b>Stato di conformit\u00e0<\/b><\/p><p><span style=\"font-weight: 400;\">Questo sito web \u00e8 parzialmente conforme ai requisiti dell&#8217;Allegato A della norma UNI EN 301549:2018 (WCAG 2.1) e ai requisiti dell&#8217;Allegato A del DM 5 luglio 2005 (WCAG 2.0).<\/span><\/p><p><b>Contenuti non accessibili<\/b><\/p><p><span style=\"font-weight: 400;\">I contenuti di seguito elencati non sono accessibili per i seguenti motivi: inosservanza della legge 4\/2004.<\/span><\/p><ul><li style=\"font-weight: 400;\" aria-level=\"1\"><span style=\"font-weight: 400;\">Immagini prive di testo alternativo o con testo non parlante.<\/span><\/li><li style=\"font-weight: 400;\" aria-level=\"1\"><span style=\"font-weight: 400;\">Immagini complesse (grafici, mappe) prive di una descrizione testuale completa.<\/span><\/li><li style=\"font-weight: 400;\" aria-level=\"1\"><span style=\"font-weight: 400;\">Alcuni elementi non soddisfano i requisiti di contrasto cromatico.<\/span><\/li><li style=\"font-weight: 400;\" aria-level=\"1\"><span style=\"font-weight: 400;\">I testi non possono essere ridimensionati senza perdita di contenuto o funzionalit\u00e0.<\/span><\/li><li style=\"font-weight: 400;\" aria-level=\"1\"><span style=\"font-weight: 400;\">I link non sono descrittivi.<\/span><\/li><li style=\"font-weight: 400;\" aria-level=\"1\"><span style=\"font-weight: 400;\">I titoli non vengono utilizzati con una gerarchia logica (H1, H2, H3\u2026).<\/span><\/li><li style=\"font-weight: 400;\" aria-level=\"1\"><span style=\"font-weight: 400;\">La mancanza di alcuni tag semantici limita parzialmente la navigazione tramite screen reader.<\/span><\/li><\/ul><p><span style=\"font-weight: 400;\">Nonostante l&#8217;impegno di G.I.V.A. S.p.A., potrebbero essere presenti ulteriori elementi non conformi non elencati in questa Dichiarazione.<\/span><\/p><p><b>Preparazione della Dichiarazione di Accessibilit\u00e0<\/b><\/p><p><span style=\"font-weight: 400;\">La dichiarazione \u00e8 stata redatta utilizzando una valutazione conforme ai requisiti della Direttiva (UE) 2016\/2012, mediante un\u2019autovalutazione effettuata dal Gruppo GIVA con l\u2019ausilio di strumenti automatici.<\/span><\/p><p><b>Modalit\u00e0 di invio delle segnalazioni e recapiti del fornitore<\/b><\/p><p><span style=\"font-weight: 400;\">Per segnalare casi di mancata conformit\u00e0 ai requisiti di accessibilit\u00e0, inviare un&#8217;e-mail a <i>privacy@givagroup.com<\/i> indicando:<\/span><\/p><ul><li style=\"font-weight: 400;\" aria-level=\"1\"><span style=\"font-weight: 400;\">URL della pagina web oggetto della segnalazione<\/span><\/li><li style=\"font-weight: 400;\" aria-level=\"1\"><span style=\"font-weight: 400;\">Descrizione chiara e concisa del problema riscontrato<br \/><\/span><\/li><\/ul><p><b>Modalit\u00e0 di invio delle segnalazioni ad AgID<\/b><\/p><p><span style=\"font-weight: 400;\">In caso di risposta insoddisfacente o di mancata risposta entro trenta giorni dalla notifica o dalla richiesta, l&#8217;interessato pu\u00f2 inoltrare una segnalazione utilizzando il seguente link:<\/span><a href=\"https:\/\/www.agid.gov.it\/it\/form\/difensore-civico-digitale\/\" target=\"_blank\" rel=\"noopener\"> <span style=\"font-weight: 400;\">Reclamo al difensore civico digitale<\/span><\/a><\/p>\t\t\t\t\t\t\t\t<\/div>\n\t\t\t\t<\/div>\n\t\t\t\t\t<\/div>\n\t\t\t\t<\/div>\n\t\t\t\t<\/div>\n\t\t","protected":false},"excerpt":{"rendered":"<p>Dichiarazione di Accessibilit\u00e0 Aggiornata al 26\/06\/2025 G.I.V.A. S.p.A. si impegna a rendere il proprio sito web accessibile, conformemente al Decreto Legislativo 10 agosto 2018, n. 106, che recepisce la Direttiva UE 2016\/2102 del Parlamento Europeo e del Consiglio. Stato di conformit\u00e0 Questo sito web \u00e8 parzialmente conforme ai requisiti dell&#8217;Allegato A della norma UNI EN [&hellip;]<\/p>\n","protected":false},"author":2,"featured_media":0,"parent":0,"menu_order":0,"comment_status":"closed","ping_status":"closed","template":"elementor_header_footer","meta":{"_acf_changed":false,"footnotes":""},"class_list":["post-3239","page","type-page","status-publish","hentry"],"acf":[],"yoast_head":"<!-- This site is optimized with the Yoast SEO plugin v27.3 - https:\/\/yoast.com\/product\/yoast-seo-wordpress\/ -->\n<title>Dichiarazione di Accessibilit\u00e0 | Gruppo GIVA<\/title>\n<meta name=\"description\" content=\"Leggi la Dichiarazione di Accessibilit\u00e0 del Gruppo GIVA. Ci impegniamo per l&#039;inclusione digitale e la conformit\u00e0 alla Direttiva UE 2016\/2102 e agli standard WCAG.\" \/>\n<meta name=\"robots\" content=\"index, follow, max-snippet:-1, max-image-preview:large, max-video-preview:-1\" \/>\n<link rel=\"canonical\" href=\"https:\/\/www.givagroup.it\/accessibility-statement\/\" \/>\n<meta property=\"og:locale\" content=\"it_IT\" \/>\n<meta property=\"og:type\" content=\"article\" \/>\n<meta property=\"og:title\" content=\"Dichiarazione di Accessibilit\u00e0 | Gruppo GIVA\" \/>\n<meta property=\"og:description\" content=\"Leggi la Dichiarazione di Accessibilit\u00e0 del Gruppo GIVA. Ci impegniamo per l&#039;inclusione digitale e la conformit\u00e0 alla Direttiva UE 2016\/2102 e agli standard WCAG.\" \/>\n<meta property=\"og:url\" content=\"https:\/\/www.givagroup.it\/accessibility-statement\/\" \/>\n<meta property=\"og:site_name\" content=\"Giva Group\" \/>\n<meta property=\"article:modified_time\" content=\"2026-04-09T09:06:35+00:00\" \/>\n<meta name=\"twitter:card\" content=\"summary_large_image\" \/>\n<meta name=\"twitter:label1\" content=\"Tempo di lettura stimato\" \/>\n\t<meta name=\"twitter:data1\" content=\"2 minuti\" \/>\n<script type=\"application\/ld+json\" class=\"yoast-schema-graph\">{\"@context\":\"https:\\\/\\\/schema.org\",\"@graph\":[{\"@type\":\"WebPage\",\"@id\":\"https:\\\/\\\/www.givagroup.it\\\/accessibility-statement\\\/\",\"url\":\"https:\\\/\\\/www.givagroup.it\\\/accessibility-statement\\\/\",\"name\":\"Dichiarazione di Accessibilit\u00e0 | Gruppo GIVA\",\"isPartOf\":{\"@id\":\"https:\\\/\\\/www.givagroup.it\\\/#website\"},\"datePublished\":\"2025-07-10T10:06:15+00:00\",\"dateModified\":\"2026-04-09T09:06:35+00:00\",\"description\":\"Leggi la Dichiarazione di Accessibilit\u00e0 del Gruppo GIVA. Ci impegniamo per l'inclusione digitale e la conformit\u00e0 alla Direttiva UE 2016\\\/2102 e agli standard WCAG.\",\"breadcrumb\":{\"@id\":\"https:\\\/\\\/www.givagroup.it\\\/accessibility-statement\\\/#breadcrumb\"},\"inLanguage\":\"it-IT\",\"potentialAction\":[{\"@type\":\"ReadAction\",\"target\":[\"https:\\\/\\\/www.givagroup.it\\\/accessibility-statement\\\/\"]}]},{\"@type\":\"BreadcrumbList\",\"@id\":\"https:\\\/\\\/www.givagroup.it\\\/accessibility-statement\\\/#breadcrumb\",\"itemListElement\":[{\"@type\":\"ListItem\",\"position\":1,\"name\":\"Home\",\"item\":\"https:\\\/\\\/www.givagroup.it\\\/\"},{\"@type\":\"ListItem\",\"position\":2,\"name\":\"Dichiarazione di Accessibilit\u00e0\"}]},{\"@type\":\"WebSite\",\"@id\":\"https:\\\/\\\/www.givagroup.it\\\/#website\",\"url\":\"https:\\\/\\\/www.givagroup.it\\\/\",\"name\":\"Giva Group\",\"description\":\"\",\"publisher\":{\"@id\":\"https:\\\/\\\/www.givagroup.it\\\/#organization\"},\"potentialAction\":[{\"@type\":\"SearchAction\",\"target\":{\"@type\":\"EntryPoint\",\"urlTemplate\":\"https:\\\/\\\/www.givagroup.it\\\/?s={search_term_string}\"},\"query-input\":{\"@type\":\"PropertyValueSpecification\",\"valueRequired\":true,\"valueName\":\"search_term_string\"}}],\"inLanguage\":\"it-IT\"},{\"@type\":\"Organization\",\"@id\":\"https:\\\/\\\/www.givagroup.it\\\/#organization\",\"name\":\"Giva Group\",\"url\":\"https:\\\/\\\/www.givagroup.it\\\/\",\"logo\":{\"@type\":\"ImageObject\",\"inLanguage\":\"it-IT\",\"@id\":\"https:\\\/\\\/www.givagroup.it\\\/#\\\/schema\\\/logo\\\/image\\\/\",\"url\":\"https:\\\/\\\/www.givagroup.it\\\/wp-content\\\/uploads\\\/2025\\\/01\\\/Logo-Giva_1.png\",\"contentUrl\":\"https:\\\/\\\/www.givagroup.it\\\/wp-content\\\/uploads\\\/2025\\\/01\\\/Logo-Giva_1.png\",\"width\":668,\"height\":251,\"caption\":\"Giva Group\"},\"image\":{\"@id\":\"https:\\\/\\\/www.givagroup.it\\\/#\\\/schema\\\/logo\\\/image\\\/\"}}]}<\/script>\n<!-- \/ Yoast SEO plugin. -->","yoast_head_json":{"title":"Dichiarazione di Accessibilit\u00e0 | Gruppo GIVA","description":"Leggi la Dichiarazione di Accessibilit\u00e0 del Gruppo GIVA. Ci impegniamo per l'inclusione digitale e la conformit\u00e0 alla Direttiva UE 2016\/2102 e agli standard WCAG.","robots":{"index":"index","follow":"follow","max-snippet":"max-snippet:-1","max-image-preview":"max-image-preview:large","max-video-preview":"max-video-preview:-1"},"canonical":"https:\/\/www.givagroup.it\/accessibility-statement\/","og_locale":"it_IT","og_type":"article","og_title":"Dichiarazione di Accessibilit\u00e0 | Gruppo GIVA","og_description":"Leggi la Dichiarazione di Accessibilit\u00e0 del Gruppo GIVA. Ci impegniamo per l'inclusione digitale e la conformit\u00e0 alla Direttiva UE 2016\/2102 e agli standard WCAG.","og_url":"https:\/\/www.givagroup.it\/accessibility-statement\/","og_site_name":"Giva Group","article_modified_time":"2026-04-09T09:06:35+00:00","twitter_card":"summary_large_image","twitter_misc":{"Tempo di lettura stimato":"2 minuti"},"schema":{"@context":"https:\/\/schema.org","@graph":[{"@type":"WebPage","@id":"https:\/\/www.givagroup.it\/accessibility-statement\/","url":"https:\/\/www.givagroup.it\/accessibility-statement\/","name":"Dichiarazione di Accessibilit\u00e0 | Gruppo GIVA","isPartOf":{"@id":"https:\/\/www.givagroup.it\/#website"},"datePublished":"2025-07-10T10:06:15+00:00","dateModified":"2026-04-09T09:06:35+00:00","description":"Leggi la Dichiarazione di Accessibilit\u00e0 del Gruppo GIVA. Ci impegniamo per l'inclusione digitale e la conformit\u00e0 alla Direttiva UE 2016\/2102 e agli standard WCAG.","breadcrumb":{"@id":"https:\/\/www.givagroup.it\/accessibility-statement\/#breadcrumb"},"inLanguage":"it-IT","potentialAction":[{"@type":"ReadAction","target":["https:\/\/www.givagroup.it\/accessibility-statement\/"]}]},{"@type":"BreadcrumbList","@id":"https:\/\/www.givagroup.it\/accessibility-statement\/#breadcrumb","itemListElement":[{"@type":"ListItem","position":1,"name":"Home","item":"https:\/\/www.givagroup.it\/"},{"@type":"ListItem","position":2,"name":"Dichiarazione di Accessibilit\u00e0"}]},{"@type":"WebSite","@id":"https:\/\/www.givagroup.it\/#website","url":"https:\/\/www.givagroup.it\/","name":"Giva Group","description":"","publisher":{"@id":"https:\/\/www.givagroup.it\/#organization"},"potentialAction":[{"@type":"SearchAction","target":{"@type":"EntryPoint","urlTemplate":"https:\/\/www.givagroup.it\/?s={search_term_string}"},"query-input":{"@type":"PropertyValueSpecification","valueRequired":true,"valueName":"search_term_string"}}],"inLanguage":"it-IT"},{"@type":"Organization","@id":"https:\/\/www.givagroup.it\/#organization","name":"Giva Group","url":"https:\/\/www.givagroup.it\/","logo":{"@type":"ImageObject","inLanguage":"it-IT","@id":"https:\/\/www.givagroup.it\/#\/schema\/logo\/image\/","url":"https:\/\/www.givagroup.it\/wp-content\/uploads\/2025\/01\/Logo-Giva_1.png","contentUrl":"https:\/\/www.givagroup.it\/wp-content\/uploads\/2025\/01\/Logo-Giva_1.png","width":668,"height":251,"caption":"Giva Group"},"image":{"@id":"https:\/\/www.givagroup.it\/#\/schema\/logo\/image\/"}}]}},"_links":{"self":[{"href":"https:\/\/www.givagroup.it\/it\/wp-json\/wp\/v2\/pages\/3239","targetHints":{"allow":["GET"]}}],"collection":[{"href":"https:\/\/www.givagroup.it\/it\/wp-json\/wp\/v2\/pages"}],"about":[{"href":"https:\/\/www.givagroup.it\/it\/wp-json\/wp\/v2\/types\/page"}],"author":[{"embeddable":true,"href":"https:\/\/www.givagroup.it\/it\/wp-json\/wp\/v2\/users\/2"}],"replies":[{"embeddable":true,"href":"https:\/\/www.givagroup.it\/it\/wp-json\/wp\/v2\/comments?post=3239"}],"version-history":[{"count":8,"href":"https:\/\/www.givagroup.it\/it\/wp-json\/wp\/v2\/pages\/3239\/revisions"}],"predecessor-version":[{"id":3811,"href":"https:\/\/www.givagroup.it\/it\/wp-json\/wp\/v2\/pages\/3239\/revisions\/3811"}],"wp:attachment":[{"href":"https:\/\/www.givagroup.it\/it\/wp-json\/wp\/v2\/media?parent=3239"}],"curies":[{"name":"wp","href":"https:\/\/api.w.org\/{rel}","templated":true}]}}